{"id":206178,"date":"2019-02-18T14:57:05","date_gmt":"2019-02-18T13:57:05","guid":{"rendered":"https:\/\/ecorider.bevouak.net\/legal-notice\/"},"modified":"2019-02-20T15:30:18","modified_gmt":"2019-02-20T14:30:18","slug":"legal-notice","status":"publish","type":"page","link":"https:\/\/ecorider.org\/en\/legal-notice\/","title":{"rendered":"Legal notice"},"content":{"rendered":"<p>[et_pb_section fb_built=&#8221;1&#8243; admin_label=&#8221;section&#8221; _builder_version=&#8221;3.0.47&#8243;][et_pb_row admin_label=&#8221;row&#8221; _builder_version=&#8221;3.0.48&#8243; background_size=&#8221;initial&#8221; background_position=&#8221;top_left&#8221; background_repeat=&#8221;repeat&#8221;][et_pb_column type=&#8221;4_4&#8243; _builder_version=&#8221;3.0.47&#8243;][et_pb_text _builder_version=&#8221;3.19.15&#8243;]<\/p>\n<h1>Legal Notice<\/h1>\n<h3>GLOSSARY<\/h3>\n<p>Site: This is the website used by the Internet user.<br \/>\nSurfer: User logging on and using the Site.<br \/>\nCompany: Owner of the Site and responsible for its Publication.<br \/>\nInformation or personal data: information which allows, in any form whatsoever, directly or otherwise, the identification of the natural persons to whom they apply.<br \/>\nResponsible for the processing of personal data: person responsible for the application of the privacy policy collected by the Site. He\/she determines the purpose and means of data processing and their protection.<\/p>\n<h3>Presentation of the SITE<\/h3>\n<p>According to article 6 of Act No. 2004-575 of 21 June 2004, users of the website of the company Ecorider are informed of the identity of the various actors in the context of its realization and follow-up:<\/p>\n<p>Owner: the company Ecorider<\/p>\n<p>Website Creator: Soci\u00e9t\u00e9 <a href=\"https:\/\/bevouak.fr\">BEVOUAK<\/a><\/p>\n<p>Responsible for the publication: the company Ecorider<\/p>\n<p>Responsible for the processing of personal data: St\u00e9phane Lagarde\u00a0110 Chemin du Mar 74130 Les Houches &#8211; info@ecorider.org<\/p>\n<p>Host:\u00a0<a href=\"https:\/\/www.ovh.com\/\">OVH<\/a> -2 rue Kellermann-59100 Roubaix-France<\/p>\n<h3>General terms and conditions of use of the SITE and the services offered<\/h3>\n<p>The use of the Site implies the full acceptance of the following general terms of use described. These terms of use are likely to be modified or supplemented at any time, so users of the Site are invited to consult them on a regular basis.<br \/>\nThe users of the booking module will be aware of its general conditions of renting as they are booked.<\/p>\n<p>This site is normally accessible at any time to users. An interruption due to technical maintenance may however be decided by the company which will then endeavour to communicate before the users the dates and times of the intervention.<br \/>\nThe Site is updated regularly. The legal terms can be changed at any time. They are nonetheless necessary for the user who is invited to refer to them as often as possible in order to be aware of them.<\/p>\n<h3>DESCRIPTION of SERVICES provided<\/h3>\n<p>The purpose of the Site is to provide information about all of the company&#8217;s activities.<br \/>\nYou will find the description of the booking module in its general Conditions of renting accessible as the reservation (nature of the services provided, extent, cost, duration&#8230;).<\/p>\n<p>The company strives to provide information on its Site as accurate as possible. However, it can not be held responsible for omissions, inaccuracies and deficiencies in the update, whether of its own doing or because of third party partners who provide this information.<\/p>\n<p>All the information on the Site is given as an indication and is likely to evolve. On the other hand, the information on the Site is not exhaustive. They are given subject to changes that have been made since they were put online.<\/p>\n<h3>Contractual limitations on technical data<\/h3>\n<p>The Site uses JavaScript, CSS and HTML technology.<br \/>\nNeither the site nor the company will be liable for any material damage related to the use of the site and\/or the online booking module. In addition, the user agrees to access the Site and\/or the online booking module using a newer, non-virus-containing hardware and a latest-generation browser that is updated.<\/p>\n<h3>Intellectual property and counterfeits<\/h3>\n<p>The company Ecorider owns the rights of intellectual property or owns the rights of use on all the elements accessible on the Site, including texts, images, graphics, logo, icons, sounds, software.<\/p>\n<p>Photo credits: Ecorider &#8211; Jean-Beno\u00eet Kolodi\u00e9<\/p>\n<p>Any reproduction, representation, modification, publication, adaptation of All or part of the elements of the site, irrespective of the means or process used, is prohibited, unless otherwise authorized in writing by Ecorider.<\/p>\n<p>Any unauthorized exploitation of the site or any of the elements contained therein shall be deemed to constitute an infringement and pursued in accordance with the provisions of articles L. 335-2 and following of the intellectual property Code.<\/p>\n<h3>Limitations of liability<\/h3>\n<p>Neither the company nor the creator of the site will be liable for the direct and indirect damage caused to the user&#8217;s equipment, when accessing the site and\/or the online booking module resulting from the use of a material which does not meet the specifications specified in point 4, or the appearance of a bug or incompatibility.<\/p>\n<p>Neither the company nor the creator of the site will be liable for any consequential damages (such as loss of market or loss of chance) resulting from the use of the site and\/or the online booking module.<\/p>\n<p>Interactive spaces (possibility to ask questions in the contact space) are available to users. The company reserves the right to delete, without prior notice, any content deposited in this space which violate to the legislation applicable in France, in particular the provisions relating to data protection. Where appropriate, the company also reserves the possibility of questioning the user&#8217;s civil and\/or criminal liability, in particular in the event of a racist, abusive, defamatory, or pornographic message, irrespective of the medium used ( Text, Photography&#8230;).<\/p>\n<p>In the case of online booking services, the user must be aware of the general conditions of renting and accept them when the order is finalised.<\/p>\n<h3>Personal Data Management<\/h3>\n<p>In France, personal data are protected in particular by Act No. 78-87 of 6 January 1978 &#8220;Informatics and Liberties&#8221;, amended by Act No. 2004-801 of 6 August 2004 and adapted to European regulations by Law No. 2018-493 of 20 June 2018, article L. 226 -13 of the criminal Code, the European Directive of 24 October 1995 and the European General Data Protection Regulation (GDPR) of 27 April 2016 entered into force on 25 May 2018.<\/p>\n<p>The site and the online booking module collects information from its visitors concerning their identity, profession, coordinates, sizes&#8230; strictly necessary for the services offered.<\/p>\n<p>Personal information relating to the individual user is collected only for the need of certain services offered by the site (statistics, contracts, orders, accounts receivable, loyalty program&#8230;). The user provides this information in full knowledge of the facts, especially when he or she proceeds by itself (contact form \/ booking module). It is then made clear to the user of the Site the obligation or not to provide this information.<\/p>\n<p>No data known as &#8220;sensitive&#8221; within the meaning of the Computer and Freedom Act is collected.<\/p>\n<p>The person responsible for processing personal data is QQQ, domiciled at the address mentioned in article 1.<\/p>\n<p>The recipients of the personal data are the company Ecorider, the persons working for the company in order to carry out its missions, as well as the company BEVOUAK, in its capacity as Subcontractor of the site owner, designer of the site and the module of Booking as well as hosting the Site via<a href=\"https:\/\/www.ovh.com\/\">OVH<\/a> -2 rue Kellermann-59100 Roubaix-France.<\/p>\n<p>In accordance with the Law on Informatics and Freedom of 6 January 1978 and GDPR of 27 April 2016, every person has the right to access, rectify and delete his data.<\/p>\n<p>To learn more about the company&#8217;s privacy policy, the user&#8217;s rights to the data processing Site, see our &#8220;<a href=\"https:\/\/ecorider.org\/en\/legal-notice\/personal-data-cookies\/\">Personal Data<\/a>&#8221; page.<\/p>\n<h3>Hypertext links and cookies<\/h3>\n<p>The Site contains a number of hypertext links to other sites, set up with the permission of the company Ecorider. However, the company does not have the opportunity to verify the content of the sites so visited, and will therefore not assume any responsibility for this.<\/p>\n<p>Browsing the Site is likely to cause cookie (s) to be installed on the user&#8217;s computer. A cookie is a small file, which does not allow user identification but saves information about navigating a computer on a site. The data thus obtained are intended to facilitate further navigation on the site, and are also intended to allow various measures of attendance.<\/p>\n<p>The user&#8217;s consent to cookies at a maximum time of 13 months.<br \/>\nThe refusal to install a cookie may result in the inability to access certain services.<br \/>\nFor details on the use of cookies, your wish to oppose their registration, see our page &#8221; <a href=\"https:\/\/ecorider.org\/en\/legal-notice\/personal-data-cookies\/\">Personal Data<\/a>&#8220;.<\/p>\n<h3>APPLICABLE Law and award of jurisdiction<\/h3>\n<p>Any dispute in connection with the use of the Site and\/or the reservation module is subject to French law. It is the exclusive allocation of jurisdiction to the courts of the company&#8217;s registered office.<\/p>\n<h3>The main laws concerned<\/h3>\n<p>Law No. 78-87 of 6 January 1978, in particular amended by Act No. 2004-801 of 6 August 2004 relating to information technology, files and freedoms.<br \/>\nEuropean General Data Protection Regulations (GDPR) of 27 April 2016.<br \/>\nLaw No. 2018-493 of June 20, 2018, adapting the computer law and freedom to GDPR.<br \/>\nLaw No. 2004-575 of 21 June 2004 for confidence in the digital economy.[\/et_pb_text][\/et_pb_column][\/et_pb_row][\/et_pb_section]<\/p>\n","protected":false},"excerpt":{"rendered":"<p>Legal Notice GLOSSARY Site: This is the website used by the Internet user. Surfer: User logging on and using the Site. Company: Owner of the Site and responsible for its Publication. Information or personal data: information which allows, in any form whatsoever, directly or otherwise, the identification of the natural persons to whom they apply. [&hellip;]<\/p>\n","protected":false},"author":4,"featured_media":0,"parent":0,"menu_order":0,"comment_status":"closed","ping_status":"closed","template":"","meta":{"_et_pb_use_builder":"on","_et_pb_old_content":"","_et_gb_content_width":"","footnotes":""},"class_list":["post-206178","page","type-page","status-publish","hentry"],"yoast_head":"<!-- This site is optimized with the Yoast SEO plugin v27.4 - https:\/\/yoast.com\/product\/yoast-seo-wordpress\/ -->\n<title>Legal notice | Ecorider<\/title>\n<meta name=\"robots\" content=\"index, follow, max-snippet:-1, max-image-preview:large, max-video-preview:-1\" \/>\n<link rel=\"canonical\" href=\"https:\/\/ecorider.org\/en\/legal-notice\/\" \/>\n<meta property=\"og:locale\" content=\"en_US\" \/>\n<meta property=\"og:type\" content=\"article\" \/>\n<meta property=\"og:title\" content=\"Legal notice | Ecorider\" \/>\n<meta property=\"og:description\" content=\"Legal Notice GLOSSARY Site: This is the website used by the Internet user. Surfer: User logging on and using the Site. Company: Owner of the Site and responsible for its Publication. Information or personal data: information which allows, in any form whatsoever, directly or otherwise, the identification of the natural persons to whom they apply. [&hellip;]\" \/>\n<meta property=\"og:url\" content=\"https:\/\/ecorider.org\/en\/legal-notice\/\" \/>\n<meta property=\"og:site_name\" content=\"Ecorider\" \/>\n<meta property=\"article:modified_time\" content=\"2019-02-20T14:30:18+00:00\" \/>\n<meta name=\"twitter:card\" content=\"summary_large_image\" \/>\n<meta name=\"twitter:label1\" content=\"Est. reading time\" \/>\n\t<meta name=\"twitter:data1\" content=\"7 minutes\" \/>\n<script type=\"application\/ld+json\" class=\"yoast-schema-graph\">{\"@context\":\"https:\\\/\\\/schema.org\",\"@graph\":[{\"@type\":\"WebPage\",\"@id\":\"https:\\\/\\\/ecorider.org\\\/en\\\/legal-notice\\\/\",\"url\":\"https:\\\/\\\/ecorider.org\\\/en\\\/legal-notice\\\/\",\"name\":\"Legal notice | Ecorider\",\"isPartOf\":{\"@id\":\"https:\\\/\\\/ecorider.org\\\/#website\"},\"datePublished\":\"2019-02-18T13:57:05+00:00\",\"dateModified\":\"2019-02-20T14:30:18+00:00\",\"breadcrumb\":{\"@id\":\"https:\\\/\\\/ecorider.org\\\/en\\\/legal-notice\\\/#breadcrumb\"},\"inLanguage\":\"en-US\",\"potentialAction\":[{\"@type\":\"ReadAction\",\"target\":[\"https:\\\/\\\/ecorider.org\\\/en\\\/legal-notice\\\/\"]}]},{\"@type\":\"BreadcrumbList\",\"@id\":\"https:\\\/\\\/ecorider.org\\\/en\\\/legal-notice\\\/#breadcrumb\",\"itemListElement\":[{\"@type\":\"ListItem\",\"position\":1,\"name\":\"Accueil\",\"item\":\"https:\\\/\\\/ecorider.org\\\/\"},{\"@type\":\"ListItem\",\"position\":2,\"name\":\"Legal notice\"}]},{\"@type\":\"WebSite\",\"@id\":\"https:\\\/\\\/ecorider.org\\\/#website\",\"url\":\"https:\\\/\\\/ecorider.org\\\/\",\"name\":\"Ecorider\",\"description\":\"La premi\u00e8re \u00e9cole de ski et de snowboard qui lutte contre le r\u00e9chauffement climatique.\",\"potentialAction\":[{\"@type\":\"SearchAction\",\"target\":{\"@type\":\"EntryPoint\",\"urlTemplate\":\"https:\\\/\\\/ecorider.org\\\/?s={search_term_string}\"},\"query-input\":{\"@type\":\"PropertyValueSpecification\",\"valueRequired\":true,\"valueName\":\"search_term_string\"}}],\"inLanguage\":\"en-US\"}]}<\/script>\n<!-- \/ Yoast SEO plugin. -->","yoast_head_json":{"title":"Legal notice | Ecorider","robots":{"index":"index","follow":"follow","max-snippet":"max-snippet:-1","max-image-preview":"max-image-preview:large","max-video-preview":"max-video-preview:-1"},"canonical":"https:\/\/ecorider.org\/en\/legal-notice\/","og_locale":"en_US","og_type":"article","og_title":"Legal notice | Ecorider","og_description":"Legal Notice GLOSSARY Site: This is the website used by the Internet user. Surfer: User logging on and using the Site. Company: Owner of the Site and responsible for its Publication. Information or personal data: information which allows, in any form whatsoever, directly or otherwise, the identification of the natural persons to whom they apply. [&hellip;]","og_url":"https:\/\/ecorider.org\/en\/legal-notice\/","og_site_name":"Ecorider","article_modified_time":"2019-02-20T14:30:18+00:00","twitter_card":"summary_large_image","twitter_misc":{"Est. reading time":"7 minutes"},"schema":{"@context":"https:\/\/schema.org","@graph":[{"@type":"WebPage","@id":"https:\/\/ecorider.org\/en\/legal-notice\/","url":"https:\/\/ecorider.org\/en\/legal-notice\/","name":"Legal notice | Ecorider","isPartOf":{"@id":"https:\/\/ecorider.org\/#website"},"datePublished":"2019-02-18T13:57:05+00:00","dateModified":"2019-02-20T14:30:18+00:00","breadcrumb":{"@id":"https:\/\/ecorider.org\/en\/legal-notice\/#breadcrumb"},"inLanguage":"en-US","potentialAction":[{"@type":"ReadAction","target":["https:\/\/ecorider.org\/en\/legal-notice\/"]}]},{"@type":"BreadcrumbList","@id":"https:\/\/ecorider.org\/en\/legal-notice\/#breadcrumb","itemListElement":[{"@type":"ListItem","position":1,"name":"Accueil","item":"https:\/\/ecorider.org\/"},{"@type":"ListItem","position":2,"name":"Legal notice"}]},{"@type":"WebSite","@id":"https:\/\/ecorider.org\/#website","url":"https:\/\/ecorider.org\/","name":"Ecorider","description":"La premi\u00e8re \u00e9cole de ski et de snowboard qui lutte contre le r\u00e9chauffement climatique.","potentialAction":[{"@type":"SearchAction","target":{"@type":"EntryPoint","urlTemplate":"https:\/\/ecorider.org\/?s={search_term_string}"},"query-input":{"@type":"PropertyValueSpecification","valueRequired":true,"valueName":"search_term_string"}}],"inLanguage":"en-US"}]}},"_links":{"self":[{"href":"https:\/\/ecorider.org\/en\/wp-json\/wp\/v2\/pages\/206178","targetHints":{"allow":["GET"]}}],"collection":[{"href":"https:\/\/ecorider.org\/en\/wp-json\/wp\/v2\/pages"}],"about":[{"href":"https:\/\/ecorider.org\/en\/wp-json\/wp\/v2\/types\/page"}],"author":[{"embeddable":true,"href":"https:\/\/ecorider.org\/en\/wp-json\/wp\/v2\/users\/4"}],"replies":[{"embeddable":true,"href":"https:\/\/ecorider.org\/en\/wp-json\/wp\/v2\/comments?post=206178"}],"version-history":[{"count":0,"href":"https:\/\/ecorider.org\/en\/wp-json\/wp\/v2\/pages\/206178\/revisions"}],"wp:attachment":[{"href":"https:\/\/ecorider.org\/en\/wp-json\/wp\/v2\/media?parent=206178"}],"curies":[{"name":"wp","href":"https:\/\/api.w.org\/{rel}","templated":true}]}}