{"id":206196,"date":"2019-02-18T17:05:11","date_gmt":"2019-02-18T16:05:11","guid":{"rendered":"https:\/\/ecorider.org\/home\/"},"modified":"2023-11-17T16:05:38","modified_gmt":"2023-11-17T15:05:38","slug":"home","status":"publish","type":"page","link":"https:\/\/ecorider.org\/en\/","title":{"rendered":"Home"},"content":{"rendered":"<p>[et_pb_section fb_built=&#8221;1&#8243; _builder_version=&#8221;4.16&#8243; background_image=&#8221;https:\/\/ecorider.org\/wp-content\/uploads\/2019\/02\/accueil-ecoroder-ecole-ski-snowboard-chamonix-1920-ld.jpg&#8221; parallax=&#8221;on&#8221; global_colors_info=&#8221;{}&#8221;][et_pb_row _builder_version=&#8221;4.16&#8243; background_size=&#8221;initial&#8221; background_position=&#8221;top_left&#8221; background_repeat=&#8221;repeat&#8221; width=&#8221;63%&#8221; max_width=&#8221;63%&#8221; use_custom_width=&#8221;on&#8221; width_unit=&#8221;off&#8221; custom_width_percent=&#8221;63%&#8221; global_colors_info=&#8221;{}&#8221;][et_pb_column type=&#8221;4_4&#8243; _builder_version=&#8221;4.16&#8243; custom_padding=&#8221;|||&#8221; global_colors_info=&#8221;{}&#8221; custom_padding__hover=&#8221;|||&#8221;][et_pb_text _builder_version=&#8221;4.16&#8243; header_font=&#8221;||||||||&#8221; header_2_font=&#8221;|600|||||||&#8221; header_2_text_align=&#8221;center&#8221; header_2_text_color=&#8221;#ffffff&#8221; header_2_font_size=&#8221;42px&#8221; header_2_letter_spacing=&#8221;2px&#8221; header_2_line_height=&#8221;2em&#8221; header_2_font_size_tablet=&#8221;36px&#8221; header_2_font_size_phone=&#8221;22px&#8221; header_2_font_size_last_edited=&#8221;on|phone&#8221; header_2_text_shadow_style=&#8221;preset5&#8243; header_2_text_shadow_horizontal_length=&#8221;0.2em&#8221; header_2_text_shadow_vertical_length=&#8221;0.13em&#8221; header_2_text_shadow_blur_strength=&#8221;0.08em&#8221; header_2_text_shadow_color=&#8221;rgba(0,0,0,0.86)&#8221; global_colors_info=&#8221;{}&#8221;]<\/p>\n<h2>Ecorider is the first ski and snowboard school committed to an environmental approach.<\/h2>\n<p>[\/et_pb_text][\/et_pb_column][\/et_pb_row][\/et_pb_section][et_pb_section fb_built=&#8221;1&#8243; _builder_version=&#8221;4.23.1&#8243; _module_preset=&#8221;default&#8221; global_colors_info=&#8221;{}&#8221;][et_pb_row column_structure=&#8221;2_5,3_5&#8243; _builder_version=&#8221;4.23.1&#8243; _module_preset=&#8221;default&#8221; global_colors_info=&#8221;{}&#8221;][et_pb_column type=&#8221;2_5&#8243; _builder_version=&#8221;4.23.1&#8243; _module_preset=&#8221;default&#8221; global_colors_info=&#8221;{}&#8221;][et_pb_image src=&#8221;https:\/\/ecorider.org\/wp-content\/uploads\/2019\/04\/steflon-stephane-lagarde-250.png&#8221; title_text=&#8221;steflon-stephane-lagarde-250&#8243; _builder_version=&#8221;4.23.1&#8243; _module_preset=&#8221;default&#8221; global_colors_info=&#8221;{}&#8221;][\/et_pb_image][\/et_pb_column][et_pb_column type=&#8221;3_5&#8243; _builder_version=&#8221;4.23.1&#8243; _module_preset=&#8221;default&#8221; global_colors_info=&#8221;{}&#8221;][et_pb_text _builder_version=&#8221;4.23.1&#8243; _module_preset=&#8221;default&#8221; global_colors_info=&#8221;{}&#8221;]<\/p>\n<p>Created in 2009 Ecorider is a ski school close to you, on a human scale.<\/p>\n<p>St\u00e9phane Lagarde, its creator, is a French national ski instructor, a former high-level professional skier who has taught skiing since 1993.<\/p>\n<p>He will share his passion for the mountains, put your feelings into words, allow you to live your winter sports story.<\/p>\n<p>Holder of a tourism and commercial management license, he will offer you tailor-made stays to optimize your desires and your challenges.<\/p>\n<p>Ecorider has been twice elected Eco-responsible company in Haute-Savoie, it is the first ski school to have carried out its carbon footprint in the history of winter sports.<\/p>\n<p>[\/et_pb_text][\/et_pb_column][\/et_pb_row][et_pb_row _builder_version=&#8221;4.23.1&#8243; _module_preset=&#8221;default&#8221;][et_pb_column _builder_version=&#8221;4.23.1&#8243; _module_preset=&#8221;default&#8221; type=&#8221;4_4&#8243;][et_pb_button _builder_version=&#8221;4.23.1&#8243; _module_preset=&#8221;default&#8221; button_text=&#8221;Ski lessons &amp; prices&#8221; button_url=&#8221;https:\/\/ecorider.org\/en\/ski-school-ecorider-chamonix\/&#8221; hover_enabled=&#8221;0&#8243; sticky_enabled=&#8221;0&#8243; button_alignment=&#8221;center&#8221;][\/et_pb_button][\/et_pb_column][\/et_pb_row][\/et_pb_section][et_pb_section fb_built=&#8221;1&#8243; _builder_version=&#8221;3.22&#8243; background_color=&#8221;rgba(0,0,0,0.02)&#8221; global_module=&#8221;931&#8243; global_colors_info=&#8221;{}&#8221;][et_pb_row column_structure=&#8221;1_5,3_5,1_5&#8243; _builder_version=&#8221;4.16&#8243; background_size=&#8221;initial&#8221; background_position=&#8221;top_left&#8221; background_repeat=&#8221;repeat&#8221; global_colors_info=&#8221;{}&#8221;][et_pb_column type=&#8221;1_5&#8243; _builder_version=&#8221;4.16&#8243; custom_padding=&#8221;|||&#8221; global_colors_info=&#8221;{}&#8221; custom_padding__hover=&#8221;|||&#8221;][et_pb_image src=&#8221;https:\/\/ecorider.org\/wp-content\/uploads\/2018\/06\/logoDynastar.png&#8221; align_tablet=&#8221;center&#8221; align_phone=&#8221;&#8221; align_last_edited=&#8221;on|desktop&#8221; _builder_version=&#8221;4.16&#8243; global_colors_info=&#8221;{}&#8221;][\/et_pb_image][\/et_pb_column][et_pb_column type=&#8221;3_5&#8243; _builder_version=&#8221;4.16&#8243; custom_padding=&#8221;|||&#8221; global_colors_info=&#8221;{}&#8221; custom_padding__hover=&#8221;|||&#8221;][et_pb_code _builder_version=&#8221;4.16&#8243; global_colors_info=&#8221;{}&#8221;]<\/p>\n<div class=\"bk-element-social\">\t\t\t\t<!-- [et_pb_line_break_holder] --><\/pee>     <!-- [et_pb_line_break_holder] --><\/p>\n<div class=\"bk-widget-container\"><!-- [et_pb_line_break_holder] -->\t\t\t\t\t<\/pee>     <!-- [et_pb_line_break_holder] --><\/p>\n<div class=\"bk-social-icons-wrapper\"><!-- [et_pb_line_break_holder] -->\t\t\t\t\t\t\t<a class=\"bk-icon bk-rounded bk-social-icon bk-social-icon-facebook\" href=\"https:\/\/www.facebook.com\/pages\/Ecorider-Chamonix\/1789826197908270\" target=\"_blank\" rel=\"noopener noreferrer\"><!-- [et_pb_line_break_holder] -->\t\t\t\t\t<span class=\"bk-screen-only\">Facebook<\/span><!-- [et_pb_line_break_holder] -->\t\t\t\t\t<i class=\"fa fa-facebook\"><\/i><!-- [et_pb_line_break_holder] -->\t\t\t\t<\/a><!-- [et_pb_line_break_holder] -->\t\t\t\t\t\t\t<a class=\"bk-icon bk-social-icon bk-rounded bk-social-icon-instagram\" href=\"https:\/\/www.instagram.com\/ecorider_chamonix_ski_snow\/\" target=\"_blank\" rel=\"noopener noreferrer\"><!-- [et_pb_line_break_holder] -->\t\t\t\t\t<span class=\"bk-screen-only\">Instagram<\/span><!-- [et_pb_line_break_holder] -->\t\t\t\t\t<i class=\"fa fa-instagram\"><\/i><!-- [et_pb_line_break_holder] -->\t\t\t\t<\/a><!-- [et_pb_line_break_holder] -->\t\t\t\t\t\t\t<a class=\"bk-icon bk-rounded bk-social-icon bk-social-icon-pinterest\" href=\"https:\/\/fr.pinterest.com\/ecorider0151\" target=\"_blank\" rel=\"noopener noreferrer\"><!-- [et_pb_line_break_holder] -->\t\t\t\t\t<span class=\"bk-screen-only\">Pinterest<\/span><!-- [et_pb_line_break_holder] -->\t\t\t\t\t<i class=\"fa fa-pinterest\"><\/i><!-- [et_pb_line_break_holder] -->\t\t\t\t<\/a><!-- [et_pb_line_break_holder] -->\t\t\t\t\t\t\t<a class=\"bk-icon bk-rounded bk-social-icon bk-social-icon-youtube\" href=\"https:\/\/www.youtube.com\/channel\/UC0Lm9gJO3J0P9BMvoH4Y4fA\" target=\"_blank\" rel=\"noopener noreferrer\"><!-- [et_pb_line_break_holder] -->\t\t\t\t\t<span class=\"bk-screen-only\">Youtube<\/span><!-- [et_pb_line_break_holder] -->\t\t\t\t\t<i class=\"fa fa-youtube\"><\/i><!-- [et_pb_line_break_holder] -->\t\t\t\t<\/a><!-- [et_pb_line_break_holder] -->\t\t\t\t\t\t\t<a class=\"bk-icon bk-rounded bk-social-icon bk-social-icon-twitter\" href=\"https:\/\/twitter.com\/ECORIDERCHX\" target=\"_blank\" rel=\"noopener noreferrer\"><!-- [et_pb_line_break_holder] -->\t\t\t\t\t<span class=\"bk-screen-only\">Twitter<\/span><!-- [et_pb_line_break_holder] -->\t\t\t\t\t<i class=\"fa fa-twitter\"><\/i><!-- [et_pb_line_break_holder] -->\t\t\t\t<\/a><!-- [et_pb_line_break_holder] -->\t\t\t\t\t\t\t<a class=\"bk-icon bk-rounded bk-social-icon bk-social-icon-tripadvisor\" href=\"http:\/\/www.tripadvisor.fr\/Attraction_Review-g187261-d3735400-Reviews-Ecorider_Ski_School-Chamonix_Haute_Savoie_Rhone_Alpes.html\" target=\"_blank\" rel=\"noopener noreferrer\"><!-- [et_pb_line_break_holder] -->\t\t\t\t\t<span class=\"bk-screen-only\">Tripadvisor<\/span><!-- [et_pb_line_break_holder] -->\t\t\t\t\t<i class=\"fa fa-tripadvisor\"><\/i><!-- [et_pb_line_break_holder] -->\t\t\t\t<\/a><!-- [et_pb_line_break_holder] -->\t\t\t\t\t<\/div>\n<p><!-- [et_pb_line_break_holder] --><pee><!-- [et_pb_line_break_holder] -->          \t<\/div>\n<p><!-- [et_pb_line_break_holder] --><pee><!-- [et_pb_line_break_holder] -->  <\/div>\n<p>[\/et_pb_code][et_pb_text _builder_version=&#8221;4.16&#8243; text_font=&#8221;|700|||||||&#8221; text_font_size=&#8221;20px&#8221; text_letter_spacing=&#8221;2px&#8221; text_line_height=&#8221;1.5em&#8221; text_orientation=&#8221;center&#8221; text_font_size_tablet=&#8221;&#8221; text_font_size_phone=&#8221;&#8221; text_font_size_last_edited=&#8221;on|phone&#8221; global_colors_info=&#8221;{}&#8221;]+33 (0)6 36 66 48 10<\/p>\n<p>info@ecorider.org[\/et_pb_text][\/et_pb_column][et_pb_column type=&#8221;1_5&#8243; _builder_version=&#8221;4.16&#8243; custom_padding=&#8221;|||&#8221; global_colors_info=&#8221;{}&#8221; custom_padding__hover=&#8221;|||&#8221;][et_pb_image src=&#8221;https:\/\/ecorider.org\/wp-content\/uploads\/2018\/06\/logoRipCurl.png&#8221; align_tablet=&#8221;center&#8221; align_phone=&#8221;&#8221; align_last_edited=&#8221;on|desktop&#8221; _builder_version=&#8221;4.16&#8243; global_colors_info=&#8221;{}&#8221;][\/et_pb_image][\/et_pb_column][\/et_pb_row][\/et_pb_section]<\/p>\n","protected":false},"excerpt":{"rendered":"<p>Ecorider is the first ski and snowboard school committed to an environmental approach. Created in 2009 Ecorider is a ski school close to you, on a human scale. St\u00e9phane Lagarde, its creator, is a French national ski instructor, a former high-level professional skier who has taught skiing since 1993. He will share his passion for [&hellip;]<\/p>\n","protected":false},"author":1,"featured_media":0,"parent":0,"menu_order":0,"comment_status":"closed","ping_status":"closed","template":"","meta":{"_et_pb_use_builder":"on","_et_pb_old_content":"","_et_gb_content_width":"","footnotes":""},"class_list":["post-206196","page","type-page","status-publish","hentry"],"yoast_head":"<!-- This site is optimized with the Yoast SEO plugin v27.3 - https:\/\/yoast.com\/product\/yoast-seo-wordpress\/ -->\n<title>Ecorider | Ski &amp; Snowboard school Chamonix Mont-\u00adBlanc<\/title>\n<meta name=\"description\" content=\"Ecorider is the first ski and snowboard school fighting against global warming, Freeride specialist, Freerando and Vall\u00e9e Blanche in Chamonix.\" \/>\n<meta name=\"robots\" content=\"index, follow, max-snippet:-1, max-image-preview:large, max-video-preview:-1\" \/>\n<link rel=\"canonical\" href=\"https:\/\/ecorider.org\/\" \/>\n<meta property=\"og:locale\" content=\"en_US\" \/>\n<meta property=\"og:type\" content=\"article\" \/>\n<meta property=\"og:title\" content=\"Ecorider | Ski &amp; Snowboard school Chamonix Mont-\u00adBlanc\" \/>\n<meta property=\"og:description\" content=\"Ecorider is the first ski and snowboard school fighting against global warming, Freeride specialist, Freerando and Vall\u00e9e Blanche in Chamonix.\" \/>\n<meta property=\"og:url\" content=\"https:\/\/ecorider.org\/\" \/>\n<meta property=\"og:site_name\" content=\"Ecorider\" \/>\n<meta property=\"article:modified_time\" content=\"2023-11-17T15:05:38+00:00\" \/>\n<meta name=\"twitter:card\" content=\"summary_large_image\" \/>\n<meta name=\"twitter:label1\" content=\"Est. reading time\" \/>\n\t<meta name=\"twitter:data1\" content=\"3 minutes\" \/>\n<script type=\"application\/ld+json\" class=\"yoast-schema-graph\">{\"@context\":\"https:\\\/\\\/schema.org\",\"@graph\":[{\"@type\":\"WebPage\",\"@id\":\"https:\\\/\\\/ecorider.org\\\/\",\"url\":\"https:\\\/\\\/ecorider.org\\\/\",\"name\":\"Ecorider | Ski & Snowboard school Chamonix Mont-\u00adBlanc\",\"isPartOf\":{\"@id\":\"https:\\\/\\\/ecorider.org\\\/#website\"},\"datePublished\":\"2019-02-18T16:05:11+00:00\",\"dateModified\":\"2023-11-17T15:05:38+00:00\",\"description\":\"Ecorider is the first ski and snowboard school fighting against global warming, Freeride specialist, Freerando and Vall\u00e9e Blanche in Chamonix.\",\"breadcrumb\":{\"@id\":\"https:\\\/\\\/ecorider.org\\\/#breadcrumb\"},\"inLanguage\":\"en-US\",\"potentialAction\":[{\"@type\":\"ReadAction\",\"target\":[\"https:\\\/\\\/ecorider.org\\\/\"]}]},{\"@type\":\"BreadcrumbList\",\"@id\":\"https:\\\/\\\/ecorider.org\\\/#breadcrumb\",\"itemListElement\":[{\"@type\":\"ListItem\",\"position\":1,\"name\":\"Accueil\",\"item\":\"https:\\\/\\\/ecorider.org\\\/\"},{\"@type\":\"ListItem\",\"position\":2,\"name\":\"Home\"}]},{\"@type\":\"WebSite\",\"@id\":\"https:\\\/\\\/ecorider.org\\\/#website\",\"url\":\"https:\\\/\\\/ecorider.org\\\/\",\"name\":\"Ecorider\",\"description\":\"La premi\u00e8re \u00e9cole de ski et de snowboard qui lutte contre le r\u00e9chauffement climatique.\",\"potentialAction\":[{\"@type\":\"SearchAction\",\"target\":{\"@type\":\"EntryPoint\",\"urlTemplate\":\"https:\\\/\\\/ecorider.org\\\/?s={search_term_string}\"},\"query-input\":{\"@type\":\"PropertyValueSpecification\",\"valueRequired\":true,\"valueName\":\"search_term_string\"}}],\"inLanguage\":\"en-US\"}]}<\/script>\n<!-- \/ Yoast SEO plugin. -->","yoast_head_json":{"title":"Ecorider | Ski & Snowboard school Chamonix Mont-\u00adBlanc","description":"Ecorider is the first ski and snowboard school fighting against global warming, Freeride specialist, Freerando and Vall\u00e9e Blanche in Chamonix.","robots":{"index":"index","follow":"follow","max-snippet":"max-snippet:-1","max-image-preview":"max-image-preview:large","max-video-preview":"max-video-preview:-1"},"canonical":"https:\/\/ecorider.org\/","og_locale":"en_US","og_type":"article","og_title":"Ecorider | Ski & Snowboard school Chamonix Mont-\u00adBlanc","og_description":"Ecorider is the first ski and snowboard school fighting against global warming, Freeride specialist, Freerando and Vall\u00e9e Blanche in Chamonix.","og_url":"https:\/\/ecorider.org\/","og_site_name":"Ecorider","article_modified_time":"2023-11-17T15:05:38+00:00","twitter_card":"summary_large_image","twitter_misc":{"Est. reading time":"3 minutes"},"schema":{"@context":"https:\/\/schema.org","@graph":[{"@type":"WebPage","@id":"https:\/\/ecorider.org\/","url":"https:\/\/ecorider.org\/","name":"Ecorider | Ski & Snowboard school Chamonix Mont-\u00adBlanc","isPartOf":{"@id":"https:\/\/ecorider.org\/#website"},"datePublished":"2019-02-18T16:05:11+00:00","dateModified":"2023-11-17T15:05:38+00:00","description":"Ecorider is the first ski and snowboard school fighting against global warming, Freeride specialist, Freerando and Vall\u00e9e Blanche in Chamonix.","breadcrumb":{"@id":"https:\/\/ecorider.org\/#breadcrumb"},"inLanguage":"en-US","potentialAction":[{"@type":"ReadAction","target":["https:\/\/ecorider.org\/"]}]},{"@type":"BreadcrumbList","@id":"https:\/\/ecorider.org\/#breadcrumb","itemListElement":[{"@type":"ListItem","position":1,"name":"Accueil","item":"https:\/\/ecorider.org\/"},{"@type":"ListItem","position":2,"name":"Home"}]},{"@type":"WebSite","@id":"https:\/\/ecorider.org\/#website","url":"https:\/\/ecorider.org\/","name":"Ecorider","description":"La premi\u00e8re \u00e9cole de ski et de snowboard qui lutte contre le r\u00e9chauffement climatique.","potentialAction":[{"@type":"SearchAction","target":{"@type":"EntryPoint","urlTemplate":"https:\/\/ecorider.org\/?s={search_term_string}"},"query-input":{"@type":"PropertyValueSpecification","valueRequired":true,"valueName":"search_term_string"}}],"inLanguage":"en-US"}]}},"_links":{"self":[{"href":"https:\/\/ecorider.org\/en\/wp-json\/wp\/v2\/pages\/206196","targetHints":{"allow":["GET"]}}],"collection":[{"href":"https:\/\/ecorider.org\/en\/wp-json\/wp\/v2\/pages"}],"about":[{"href":"https:\/\/ecorider.org\/en\/wp-json\/wp\/v2\/types\/page"}],"author":[{"embeddable":true,"href":"https:\/\/ecorider.org\/en\/wp-json\/wp\/v2\/users\/1"}],"replies":[{"embeddable":true,"href":"https:\/\/ecorider.org\/en\/wp-json\/wp\/v2\/comments?post=206196"}],"version-history":[{"count":0,"href":"https:\/\/ecorider.org\/en\/wp-json\/wp\/v2\/pages\/206196\/revisions"}],"wp:attachment":[{"href":"https:\/\/ecorider.org\/en\/wp-json\/wp\/v2\/media?parent=206196"}],"curies":[{"name":"wp","href":"https:\/\/api.w.org\/{rel}","templated":true}]}}